{"id":14968,"date":"2026-04-22T15:37:05","date_gmt":"2026-04-22T13:37:05","guid":{"rendered":"https:\/\/tangoloft-berlin.de\/?page_id=14968"},"modified":"2026-04-22T16:02:50","modified_gmt":"2026-04-22T14:02:50","slug":"impressum","status":"publish","type":"page","link":"https:\/\/tangoloft-berlin.de\/en\/impressum\/","title":{"rendered":"Impressum"},"content":{"rendered":"<div data-elementor-type=\"wp-page\" data-elementor-id=\"14968\" class=\"elementor elementor-14968\" data-elementor-post-type=\"page\">\n\t\t\t\t<div class=\"elementor-element elementor-element-192b337b e-flex e-con-boxed e-con e-parent\" data-id=\"192b337b\" data-element_type=\"container\" data-e-type=\"container\">\n\t\t\t\t\t<div class=\"e-con-inner\">\n\t\t\t\t<div class=\"elementor-element elementor-element-43150f14 elementor-widget elementor-widget-text-editor\" data-id=\"43150f14\" data-element_type=\"widget\" data-e-type=\"widget\" data-widget_type=\"text-editor.default\">\n\t\t\t\t<div class=\"elementor-widget-container\">\n\t\t\t\t\t\t\t\t\t<h1 class=\"wp-block-heading\">Impressum<\/h1>\n<p><!-- \/wp:heading --><!-- wp:paragraph --><\/p>\n<p>Mona Isabelle Schr\u00f6ter<br \/>Oderbergerstrasse 40<br \/>D \u2013 10435 Berlin<\/p>\n<p><!-- \/wp:paragraph --><!-- wp:paragraph --><\/p>\n<p><strong>E-Mail<\/strong>:\u00a0<a href=\"mailto:post@mona-isabelle.de\" target=\"_blank\" rel=\"noreferrer noopener\">post@mona-isabelle.de<\/a><\/p>\n<p><!-- \/wp:paragraph --><!-- wp:paragraph --><\/p>\n<p><strong>Telefon<\/strong>: +49 152 02792007<\/p>\n<p><!-- \/wp:paragraph --><!-- wp:paragraph --><\/p>\n<p><strong>Datenschutz<\/strong>:\u00a0<a href=\"https:\/\/tangoloft-berlin.de\/en\/datenschutz\/\" target=\"_blank\" rel=\"noreferrer noopener\">https:\/\/tangoloft-berlin.de\/datenschutz<\/a><\/p>\n<p><!-- \/wp:paragraph --><!-- wp:heading {\"level\":1} --><\/p>\n<h1 class=\"wp-block-heading\">Haftungsausschluss \/ Disclaimer<\/h1>\n<p><!-- \/wp:heading --><!-- wp:heading --><\/p>\n<h2 class=\"wp-block-heading\">Haftung F\u00fcr Inhalte<\/h2>\n<p><!-- \/wp:heading --><!-- wp:paragraph --><\/p>\n<p>Die Inhalte meiner Seiten wurden mit gr\u00f6\u00dfter Sorgfalt erstellt. F\u00fcr die Richtigkeit, Vollst\u00e4ndigkeit und Aktualit\u00e4t der Inhalte kann ich jedoch keine Gew\u00e4hr \u00fcbernehmen. Als Diensteanbieter sind wir gem\u00e4\u00df \u00a7 7 Abs.1 TMG f\u00fcr eigene Inhalte auf diesen Seiten nach den allgemeinen Gesetzen verantwortlich. Nach \u00a7\u00a7 8 bis 10 TMG bin ich als Diensteanbieterin jedoch nicht verpflichtet, \u00fcbermittelte oder gespeicherte fremde Informationen zu \u00fcberwachen oder nach Umst\u00e4nden zu forschen, die auf eine rechtswidrige T\u00e4tigkeit hinweisen. Verpflichtungen zur Entfernung oder Sperrung der Nutzung von Informationen nach den allgemeinen Gesetzen bleiben hiervon unber\u00fchrt. Eine diesbez\u00fcgliche Haftung ist jedoch erst ab dem Zeitpunkt der Kenntnis einer konkreten Rechtsverletzung m\u00f6glich. Bei Bekanntwerden von entsprechenden Rechtsverletzungen werden wir diese Inhalte umgehend entfernen.<\/p>\n<p><!-- \/wp:paragraph --><!-- wp:heading --><\/p>\n<h2 class=\"wp-block-heading\">Haftung f\u00fcr Links<\/h2>\n<p><!-- \/wp:heading --><!-- wp:paragraph --><\/p>\n<p>Meine Angebote enthalten evtl. Links zu externen Webseiten Dritter, auf deren Inhalte ich keinen Einfluss habe. Deshalb kann ich f\u00fcr diese fremden Inhalte auch keine Gew\u00e4hr \u00fcbernehmen. F\u00fcr die Inhalte der verlinkten Seiten ist stets der jeweilige Anbieter oder Betreiber der Seiten verantwortlich. Die verlinkten Seiten wurden zum Zeitpunkt der Verlinkung auf m\u00f6gliche Rechtsverst\u00f6\u00dfe \u00fcberpr\u00fcft. Rechtswidrige Inhalte waren zum Zeitpunkt der Verlinkung nicht erkennbar. Eine permanente inhaltliche Kontrolle der verlinkten Seiten ist jedoch ohne konkrete Anhaltspunkte einer Rechtsverletzung nicht zumutbar. Bei Bekanntwerden von Rechtsverletzungen werde ich derartige Links umgehend entfernen.<\/p>\n<p><!-- \/wp:paragraph --><!-- wp:heading --><\/p>\n<h2 class=\"wp-block-heading\">Urheberrecht<\/h2>\n<p><!-- \/wp:heading --><!-- wp:paragraph --><\/p>\n<p>Die durch die Seitenbetreiber erstellten Inhalte und Werke auf diesen Seiten unterliegen dem deutschen Urheberrecht. Die Vervielf\u00e4ltigung, Bearbeitung, Verbreitung und jede Art der Verwertung au\u00dferhalb der Grenzen des Urheberrechtes bed\u00fcrfen der schriftlichen Zustimmung des jeweiligen Autors bzw. Erstellers. Downloads und Kopien dieser Seite sind nur f\u00fcr den privaten, nicht kommerziellen Gebrauch gestattet. Soweit die Inhalte auf dieser Seite nicht vom Betreiber erstellt wurden, werden die Urheberrechte Dritter beachtet. Insbesondere werden Inhalte Dritter als solche gekennzeichnet. Solltet ihr trotzdem auf eine Urheberrechtsverletzung aufmerksam werden, bitte ich euch um einen entsprechenden Hinweis. Bei Bekanntwerden von Rechtsverletzungen werde ich derartige Inhalte umgehend entfernen.<\/p>\n<p><!-- \/wp:paragraph --><!-- wp:paragraph --><\/p>\n<p><!-- \/wp:paragraph --><\/p>\t\t\t\t\t\t\t\t<\/div>\n\t\t\t\t<\/div>\n\t\t\t\t\t<\/div>\n\t\t\t\t<\/div>\n\t\t\t\t<\/div>","protected":false},"excerpt":{"rendered":"<p>Impressum Mona Isabelle Schr\u00f6terOderbergerstrasse 40D \u2013 10435 Berlin E-Mail:\u00a0post@mona-isabelle.de Telefon: +49 152 02792007 Datenschutz:\u00a0https:\/\/tangoloft-berlin.de\/datenschutz Haftungsausschluss \/ Disclaimer Haftung F\u00fcr Inhalte Die Inhalte meiner Seiten wurden mit gr\u00f6\u00dfter Sorgfalt erstellt. F\u00fcr die Richtigkeit, Vollst\u00e4ndigkeit und Aktualit\u00e4t der Inhalte kann ich jedoch keine Gew\u00e4hr \u00fcbernehmen. Als Diensteanbieter sind wir gem\u00e4\u00df \u00a7 7 Abs.1 TMG f\u00fcr eigene Inhalte [&hellip;]<\/p>\n","protected":false},"author":5,"featured_media":0,"parent":0,"menu_order":0,"comment_status":"closed","ping_status":"closed","template":"","meta":{"_acf_changed":false,"site-sidebar-layout":"default","site-content-layout":"","ast-site-content-layout":"default","site-content-style":"default","site-sidebar-style":"default","ast-global-header-display":"","ast-banner-title-visibility":"","ast-main-header-display":"","ast-hfb-above-header-display":"","ast-hfb-below-header-display":"","ast-hfb-mobile-header-display":"","site-post-title":"disabled","ast-breadcrumbs-content":"","ast-featured-img":"","footer-sml-layout":"","theme-transparent-header-meta":"","adv-header-id-meta":"","stick-header-meta":"","header-above-stick-meta":"","header-main-stick-meta":"","header-below-stick-meta":"","astra-migrate-meta-layouts":"set","ast-page-background-enabled":"default","ast-page-background-meta":{"desktop":{"background-color":"","background-image":"","background-repeat":"repeat","background-position":"center center","background-size":"auto","background-attachment":"scroll","background-type":"","background-media":"","overlay-type":"","overlay-color":"","overlay-opacity":"","overlay-gradient":""},"tablet":{"background-color":"","background-image":"","background-repeat":"repeat","background-position":"center center","background-size":"auto","background-attachment":"scroll","background-type":"","background-media":"","overlay-type":"","overlay-color":"","overlay-opacity":"","overlay-gradient":""},"mobile":{"background-color":"","background-image":"","background-repeat":"repeat","background-position":"center center","background-size":"auto","background-attachment":"scroll","background-type":"","background-media":"","overlay-type":"","overlay-color":"","overlay-opacity":"","overlay-gradient":""}},"ast-content-background-meta":{"desktop":{"background-color":"var(--ast-global-color-5)","background-image":"","background-repeat":"repeat","background-position":"center center","background-size":"auto","background-attachment":"scroll","background-type":"","background-media":"","overlay-type":"","overlay-color":"","overlay-opacity":"","overlay-gradient":""},"tablet":{"background-color":"var(--ast-global-color-5)","background-image":"","background-repeat":"repeat","background-position":"center center","background-size":"auto","background-attachment":"scroll","background-type":"","background-media":"","overlay-type":"","overlay-color":"","overlay-opacity":"","overlay-gradient":""},"mobile":{"background-color":"var(--ast-global-color-5)","background-image":"","background-repeat":"repeat","background-position":"center center","background-size":"auto","background-attachment":"scroll","background-type":"","background-media":"","overlay-type":"","overlay-color":"","overlay-opacity":"","overlay-gradient":""}},"footnotes":""},"class_list":["post-14968","page","type-page","status-publish","hentry"],"acf":[],"yoast_head":"<!-- This site is optimized with the Yoast SEO plugin v27.4 - https:\/\/yoast.com\/product\/yoast-seo-wordpress\/ -->\n<title>Impressum - Tangoloft Berlin<\/title>\n<meta name=\"robots\" content=\"index, follow, max-snippet:-1, max-image-preview:large, max-video-preview:-1\" \/>\n<link rel=\"canonical\" href=\"https:\/\/tangoloft-berlin.de\/en\/impressum\/\" \/>\n<meta property=\"og:locale\" content=\"en_GB\" \/>\n<meta property=\"og:type\" content=\"article\" \/>\n<meta property=\"og:title\" content=\"Impressum - Tangoloft Berlin\" \/>\n<meta property=\"og:description\" content=\"Impressum Mona Isabelle Schr\u00f6terOderbergerstrasse 40D \u2013 10435 Berlin E-Mail:\u00a0post@mona-isabelle.de Telefon: +49 152 02792007 Datenschutz:\u00a0https:\/\/tangoloft-berlin.de\/datenschutz Haftungsausschluss \/ Disclaimer Haftung F\u00fcr Inhalte Die Inhalte meiner Seiten wurden mit gr\u00f6\u00dfter Sorgfalt erstellt. F\u00fcr die Richtigkeit, Vollst\u00e4ndigkeit und Aktualit\u00e4t der Inhalte kann ich jedoch keine Gew\u00e4hr \u00fcbernehmen. Als Diensteanbieter sind wir gem\u00e4\u00df \u00a7 7 Abs.1 TMG f\u00fcr eigene Inhalte [&hellip;]\" \/>\n<meta property=\"og:url\" content=\"https:\/\/tangoloft-berlin.de\/en\/impressum\/\" \/>\n<meta property=\"og:site_name\" content=\"Tangoloft Berlin\" \/>\n<meta property=\"article:publisher\" content=\"https:\/\/www.facebook.com\/TangoloftBerlin\" \/>\n<meta property=\"article:modified_time\" content=\"2026-04-22T14:02:50+00:00\" \/>\n<meta name=\"twitter:card\" content=\"summary_large_image\" \/>\n<meta name=\"twitter:label1\" content=\"Estimated reading time\" \/>\n\t<meta name=\"twitter:data1\" content=\"2 minutes\" \/>\n<script type=\"application\/ld+json\" class=\"yoast-schema-graph\">{\"@context\":\"https:\\\/\\\/schema.org\",\"@graph\":[{\"@type\":\"WebPage\",\"@id\":\"https:\\\/\\\/tangoloft-berlin.de\\\/impressum\\\/\",\"url\":\"https:\\\/\\\/tangoloft-berlin.de\\\/impressum\\\/\",\"name\":\"Impressum - Tangoloft Berlin\",\"isPartOf\":{\"@id\":\"https:\\\/\\\/tangoloft-berlin.de\\\/#website\"},\"datePublished\":\"2026-04-22T13:37:05+00:00\",\"dateModified\":\"2026-04-22T14:02:50+00:00\",\"breadcrumb\":{\"@id\":\"https:\\\/\\\/tangoloft-berlin.de\\\/impressum\\\/#breadcrumb\"},\"inLanguage\":\"en-GB\",\"potentialAction\":[{\"@type\":\"ReadAction\",\"target\":[\"https:\\\/\\\/tangoloft-berlin.de\\\/impressum\\\/\"]}]},{\"@type\":\"BreadcrumbList\",\"@id\":\"https:\\\/\\\/tangoloft-berlin.de\\\/impressum\\\/#breadcrumb\",\"itemListElement\":[{\"@type\":\"ListItem\",\"position\":1,\"name\":\"Home\",\"item\":\"https:\\\/\\\/tangoloft-berlin.de\\\/\"},{\"@type\":\"ListItem\",\"position\":2,\"name\":\"Impressum\"}]},{\"@type\":\"WebSite\",\"@id\":\"https:\\\/\\\/tangoloft-berlin.de\\\/#website\",\"url\":\"https:\\\/\\\/tangoloft-berlin.de\\\/\",\"name\":\"Tango Loft Berlin\",\"description\":\"Contemporary Awesome and Famous Tango in Berlin\",\"publisher\":{\"@id\":\"https:\\\/\\\/tangoloft-berlin.de\\\/#organization\"},\"potentialAction\":[{\"@type\":\"SearchAction\",\"target\":{\"@type\":\"EntryPoint\",\"urlTemplate\":\"https:\\\/\\\/tangoloft-berlin.de\\\/?s={search_term_string}\"},\"query-input\":{\"@type\":\"PropertyValueSpecification\",\"valueRequired\":true,\"valueName\":\"search_term_string\"}}],\"inLanguage\":\"en-GB\"},{\"@type\":\"Organization\",\"@id\":\"https:\\\/\\\/tangoloft-berlin.de\\\/#organization\",\"name\":\"Tango Loft Berlin\",\"url\":\"https:\\\/\\\/tangoloft-berlin.de\\\/\",\"logo\":{\"@type\":\"ImageObject\",\"inLanguage\":\"en-GB\",\"@id\":\"https:\\\/\\\/tangoloft-berlin.de\\\/#\\\/schema\\\/logo\\\/image\\\/\",\"url\":\"https:\\\/\\\/tangoloft-berlin.de\\\/wp-content\\\/uploads\\\/2023\\\/09\\\/cropped-tangoloft-logo-icon-2.png\",\"contentUrl\":\"https:\\\/\\\/tangoloft-berlin.de\\\/wp-content\\\/uploads\\\/2023\\\/09\\\/cropped-tangoloft-logo-icon-2.png\",\"width\":512,\"height\":512,\"caption\":\"Tango Loft Berlin\"},\"image\":{\"@id\":\"https:\\\/\\\/tangoloft-berlin.de\\\/#\\\/schema\\\/logo\\\/image\\\/\"},\"sameAs\":[\"https:\\\/\\\/www.facebook.com\\\/TangoloftBerlin\",\"https:\\\/\\\/www.instagram.com\\\/tangoloft_berlin\\\/\"]}]}<\/script>\n<!-- \/ Yoast SEO plugin. -->","yoast_head_json":{"title":"Impressum - Tangoloft Berlin","robots":{"index":"index","follow":"follow","max-snippet":"max-snippet:-1","max-image-preview":"max-image-preview:large","max-video-preview":"max-video-preview:-1"},"canonical":"https:\/\/tangoloft-berlin.de\/en\/impressum\/","og_locale":"en_GB","og_type":"article","og_title":"Impressum - Tangoloft Berlin","og_description":"Impressum Mona Isabelle Schr\u00f6terOderbergerstrasse 40D \u2013 10435 Berlin E-Mail:\u00a0post@mona-isabelle.de Telefon: +49 152 02792007 Datenschutz:\u00a0https:\/\/tangoloft-berlin.de\/datenschutz Haftungsausschluss \/ Disclaimer Haftung F\u00fcr Inhalte Die Inhalte meiner Seiten wurden mit gr\u00f6\u00dfter Sorgfalt erstellt. F\u00fcr die Richtigkeit, Vollst\u00e4ndigkeit und Aktualit\u00e4t der Inhalte kann ich jedoch keine Gew\u00e4hr \u00fcbernehmen. Als Diensteanbieter sind wir gem\u00e4\u00df \u00a7 7 Abs.1 TMG f\u00fcr eigene Inhalte [&hellip;]","og_url":"https:\/\/tangoloft-berlin.de\/en\/impressum\/","og_site_name":"Tangoloft Berlin","article_publisher":"https:\/\/www.facebook.com\/TangoloftBerlin","article_modified_time":"2026-04-22T14:02:50+00:00","twitter_card":"summary_large_image","twitter_misc":{"Estimated reading time":"2 minutes"},"schema":{"@context":"https:\/\/schema.org","@graph":[{"@type":"WebPage","@id":"https:\/\/tangoloft-berlin.de\/impressum\/","url":"https:\/\/tangoloft-berlin.de\/impressum\/","name":"Impressum - Tangoloft Berlin","isPartOf":{"@id":"https:\/\/tangoloft-berlin.de\/#website"},"datePublished":"2026-04-22T13:37:05+00:00","dateModified":"2026-04-22T14:02:50+00:00","breadcrumb":{"@id":"https:\/\/tangoloft-berlin.de\/impressum\/#breadcrumb"},"inLanguage":"en-GB","potentialAction":[{"@type":"ReadAction","target":["https:\/\/tangoloft-berlin.de\/impressum\/"]}]},{"@type":"BreadcrumbList","@id":"https:\/\/tangoloft-berlin.de\/impressum\/#breadcrumb","itemListElement":[{"@type":"ListItem","position":1,"name":"Home","item":"https:\/\/tangoloft-berlin.de\/"},{"@type":"ListItem","position":2,"name":"Impressum"}]},{"@type":"WebSite","@id":"https:\/\/tangoloft-berlin.de\/#website","url":"https:\/\/tangoloft-berlin.de\/","name":"Tango Loft Berlin","description":"Contemporary Awesome and Famous Tango in Berlin","publisher":{"@id":"https:\/\/tangoloft-berlin.de\/#organization"},"potentialAction":[{"@type":"SearchAction","target":{"@type":"EntryPoint","urlTemplate":"https:\/\/tangoloft-berlin.de\/?s={search_term_string}"},"query-input":{"@type":"PropertyValueSpecification","valueRequired":true,"valueName":"search_term_string"}}],"inLanguage":"en-GB"},{"@type":"Organization","@id":"https:\/\/tangoloft-berlin.de\/#organization","name":"Tango Loft Berlin","url":"https:\/\/tangoloft-berlin.de\/","logo":{"@type":"ImageObject","inLanguage":"en-GB","@id":"https:\/\/tangoloft-berlin.de\/#\/schema\/logo\/image\/","url":"https:\/\/tangoloft-berlin.de\/wp-content\/uploads\/2023\/09\/cropped-tangoloft-logo-icon-2.png","contentUrl":"https:\/\/tangoloft-berlin.de\/wp-content\/uploads\/2023\/09\/cropped-tangoloft-logo-icon-2.png","width":512,"height":512,"caption":"Tango Loft Berlin"},"image":{"@id":"https:\/\/tangoloft-berlin.de\/#\/schema\/logo\/image\/"},"sameAs":["https:\/\/www.facebook.com\/TangoloftBerlin","https:\/\/www.instagram.com\/tangoloft_berlin\/"]}]}},"_links":{"self":[{"href":"https:\/\/tangoloft-berlin.de\/en\/wp-json\/wp\/v2\/pages\/14968","targetHints":{"allow":["GET"]}}],"collection":[{"href":"https:\/\/tangoloft-berlin.de\/en\/wp-json\/wp\/v2\/pages"}],"about":[{"href":"https:\/\/tangoloft-berlin.de\/en\/wp-json\/wp\/v2\/types\/page"}],"author":[{"embeddable":true,"href":"https:\/\/tangoloft-berlin.de\/en\/wp-json\/wp\/v2\/users\/5"}],"replies":[{"embeddable":true,"href":"https:\/\/tangoloft-berlin.de\/en\/wp-json\/wp\/v2\/comments?post=14968"}],"version-history":[{"count":6,"href":"https:\/\/tangoloft-berlin.de\/en\/wp-json\/wp\/v2\/pages\/14968\/revisions"}],"predecessor-version":[{"id":14988,"href":"https:\/\/tangoloft-berlin.de\/en\/wp-json\/wp\/v2\/pages\/14968\/revisions\/14988"}],"wp:attachment":[{"href":"https:\/\/tangoloft-berlin.de\/en\/wp-json\/wp\/v2\/media?parent=14968"}],"curies":[{"name":"wp","href":"https:\/\/api.w.org\/{rel}","templated":true}]}}